{"id":479,"date":"2016-05-17T16:07:55","date_gmt":"2016-05-17T14:07:55","guid":{"rendered":"http:\/\/www.tcm-estherdenz.ch\/?page_id=479"},"modified":"2022-10-18T20:33:57","modified_gmt":"2022-10-18T18:33:57","slug":"tcm-praxis-zuerich-angebot","status":"publish","type":"page","link":"https:\/\/www.tcm-estherdenz.ch\/en\/tcm-praxis-zuerich-angebot\/","title":{"rendered":"Our Service"},"content":{"rendered":"<p><img decoding=\"async\" loading=\"lazy\" class=\"aligncenter wp-image-769 size-full\" src=\"http:\/\/www.tcm-estherdenz.ch\/wp-content\/uploads\/2016\/05\/tcm-praxis-esther-denz-zuerich-angebot.jpg\" alt=\"tcm praxis esther denz z\u00fcrich angebot\" width=\"500\" height=\"324\" srcset=\"https:\/\/www.tcm-estherdenz.ch\/wp-content\/uploads\/2016\/05\/tcm-praxis-esther-denz-zuerich-angebot.jpg 500w, https:\/\/www.tcm-estherdenz.ch\/wp-content\/uploads\/2016\/05\/tcm-praxis-esther-denz-zuerich-angebot-300x194.jpg 300w\" sizes=\"(max-width: 500px) 100vw, 500px\" \/><\/p>\n<h2><span style=\"font-size: 14pt;\">Comprehensive Intake<\/span><\/h2>\n<p>You\u2019re not just a number for us. We consider your physical state, your psyche, and your current situation, so we can get a picture of the entire person.<\/p>\n<h2><span style=\"font-size: 14pt;\">Full Spectrum of Therapies<\/span><\/h2>\n<p>Traditional Chinese Medicine therapies can effectively address a variety of diseases, according to a list compiled by the World Health Organization. \u00a0Our holistic therapies address all the conditions on the list, though we specialize in gynecological and endocrinological imbalances. Our TCM modalities include gentle acupuncture, Chinese medicinal herbs, Asian massage, and cupping. Additionally, we offer nutritional advice, and yoga, and are always on the lookout for other useful methods. Our therapy sessions are always based on your needs and situation. Naturally, as a clinic which specializes in fertility, we also treat couples.<\/p>\n<h2><span style=\"font-size: 14pt;\">Natural Remedies<\/span><\/h2>\n<p>We prefer to use high-quality Chinese herbs for a natural approach. Thanks to our co-operation with the Swiss firm Lian China Herbs, we have access to the finest herbal ingredients. In Switzerland, Chinese herbs are considered as medicinals, and therefore, must be certified by Swissmedic. \u00a0This agency\u2019s quality control requirements are among the most stringent in Europe. Aside from providing a customized Chinese herbal recipe, we\u2019ll also discuss other holistic products that might be helpful, such as vitamins or other botanicals.<\/p>\n<h2><span style=\"font-size: 14pt;\">A relaxing, safe atmosphere<\/span><\/h2>\n<p>Our experienced, compassionate team, and our lovingly decorated practice rooms are designed to make you feel comforted and cared for. Our network of independent medical experts provide additional security for your health. We\u2019ll work on finding your new balance as a team.<\/p>\n<p>Next:\u00a0<a href=\"https:\/\/www.tcm-estherdenz.ch\/en\/beratungsansatz-tcm-praxis-zuerich\/\">Our Initial Consultation<\/a><\/p>\n","protected":false},"excerpt":{"rendered":"<p>It\u2019s our passion to offer services that could accompany you through all the phases of your life. Our comprehensive intake, full spectrum of therapies, and natural remedies enable you to find a new balance. If you long for a baby, getting your body back into harmony could make that dream a reality.<\/p>\n","protected":false},"author":1,"featured_media":769,"parent":0,"menu_order":0,"comment_status":"closed","ping_status":"closed","template":"page-templates\/template-services.php","meta":[],"translation":{"provider":"WPGlobus","version":"2.10.10","language":"en","enabled_languages":["de","en"],"languages":{"de":{"title":true,"content":true,"excerpt":true},"en":{"title":true,"content":true,"excerpt":true}}},"yoast_head":"<!-- This site is optimized with the Yoast SEO plugin v20.1 - https:\/\/yoast.com\/wordpress\/plugins\/seo\/ -->\n<title>Ganzheitlich beraten - TCM Praxis Esther Denz Z\u00fcrich<\/title>\n<meta name=\"robots\" content=\"index, follow, max-snippet:-1, max-image-preview:large, max-video-preview:-1\" \/>\n<link rel=\"canonical\" href=\"https:\/\/www.tcm-estherdenz.ch\/tcm-praxis-zuerich-angebot\/\" \/>\n<meta property=\"og:locale\" content=\"en_US\" \/>\n<meta property=\"og:type\" content=\"article\" \/>\n<meta property=\"og:title\" content=\"Ganzheitlich beraten - TCM Praxis Esther Denz Z\u00fcrich\" \/>\n<meta property=\"og:url\" content=\"https:\/\/www.tcm-estherdenz.ch\/tcm-praxis-zuerich-angebot\/\" \/>\n<meta property=\"og:site_name\" content=\"Lifecycles Medicine\" \/>\n<meta property=\"article:modified_time\" content=\"2022-10-18T18:33:57+00:00\" \/>\n<meta property=\"og:image\" content=\"https:\/\/www.tcm-estherdenz.ch\/wp-content\/uploads\/2016\/05\/tcm-praxis-esther-denz-zuerich-angebot.jpg\" \/>\n\t<meta property=\"og:image:width\" content=\"500\" \/>\n\t<meta property=\"og:image:height\" content=\"324\" \/>\n\t<meta property=\"og:image:type\" content=\"image\/jpeg\" \/>\n<meta name=\"twitter:card\" content=\"summary_large_image\" \/>\n<meta name=\"twitter:label1\" content=\"Est. reading time\" \/>\n\t<meta name=\"twitter:data1\" content=\"3 minutes\" \/>\n<script type=\"application\/ld+json\" class=\"yoast-schema-graph\">{\"@context\":\"https:\/\/schema.org\",\"@graph\":[{\"@type\":\"WebPage\",\"@id\":\"https:\/\/www.tcm-estherdenz.ch\/tcm-praxis-zuerich-angebot\/\",\"url\":\"https:\/\/www.tcm-estherdenz.ch\/tcm-praxis-zuerich-angebot\/\",\"name\":\"Ganzheitlich beraten - TCM Praxis Esther Denz Z\u00fcrich\",\"isPartOf\":{\"@id\":\"https:\/\/www.tcm-estherdenz.ch\/#website\"},\"datePublished\":\"2016-05-17T14:07:55+00:00\",\"dateModified\":\"2022-10-18T18:33:57+00:00\",\"description\":\"Es ist uns wichtig, Sie ganzheitlich zu betrachten und die k\u00f6rperlichen als auch die seelischen Aspekte zu ber\u00fccksichtigen. TCM Praxis Esther Denz Z\u00fcrich.\",\"breadcrumb\":{\"@id\":\"https:\/\/www.tcm-estherdenz.ch\/tcm-praxis-zuerich-angebot\/#breadcrumb\"},\"inLanguage\":\"en-US\",\"potentialAction\":[{\"@type\":\"ReadAction\",\"target\":[\"https:\/\/www.tcm-estherdenz.ch\/tcm-praxis-zuerich-angebot\/\"]}]},{\"@type\":\"BreadcrumbList\",\"@id\":\"https:\/\/www.tcm-estherdenz.ch\/tcm-praxis-zuerich-angebot\/#breadcrumb\",\"itemListElement\":[{\"@type\":\"ListItem\",\"position\":1,\"name\":\"Startseite\",\"item\":\"https:\/\/www.tcm-estherdenz.ch\/\"},{\"@type\":\"ListItem\",\"position\":2,\"name\":\"Unser Angebot\"}]},{\"@type\":\"WebSite\",\"@id\":\"https:\/\/www.tcm-estherdenz.ch\/#website\",\"url\":\"https:\/\/www.tcm-estherdenz.ch\/\",\"name\":\"Lifecycles Medicine\",\"description\":\"Practice for Traditional Chinese Medicine Zurich \u2013 043 817 68 38\",\"potentialAction\":[{\"@type\":\"SearchAction\",\"target\":{\"@type\":\"EntryPoint\",\"urlTemplate\":\"https:\/\/www.tcm-estherdenz.ch\/?s={search_term_string}\"},\"query-input\":\"required name=search_term_string\"}],\"inLanguage\":\"en-US\"}]}<\/script>\n<!-- \/ Yoast SEO plugin. -->","yoast_head_json":{"title":"Ganzheitlich beraten - TCM Praxis Esther Denz Z\u00fcrich","robots":{"index":"index","follow":"follow","max-snippet":"max-snippet:-1","max-image-preview":"max-image-preview:large","max-video-preview":"max-video-preview:-1"},"canonical":"https:\/\/www.tcm-estherdenz.ch\/tcm-praxis-zuerich-angebot\/","og_locale":"en_US","og_type":"article","og_title":"Ganzheitlich beraten - TCM Praxis Esther Denz Z\u00fcrich","og_url":"https:\/\/www.tcm-estherdenz.ch\/tcm-praxis-zuerich-angebot\/","og_site_name":"Lifecycles Medicine","article_modified_time":"2022-10-18T18:33:57+00:00","og_image":[{"width":500,"height":324,"url":"https:\/\/www.tcm-estherdenz.ch\/wp-content\/uploads\/2016\/05\/tcm-praxis-esther-denz-zuerich-angebot.jpg","type":"image\/jpeg"}],"twitter_card":"summary_large_image","twitter_misc":{"Est. reading time":"3 minutes"},"schema":{"@context":"https:\/\/schema.org","@graph":[{"@type":"WebPage","@id":"https:\/\/www.tcm-estherdenz.ch\/tcm-praxis-zuerich-angebot\/","url":"https:\/\/www.tcm-estherdenz.ch\/tcm-praxis-zuerich-angebot\/","name":"Ganzheitlich beraten - TCM Praxis Esther Denz Z\u00fcrich","isPartOf":{"@id":"https:\/\/www.tcm-estherdenz.ch\/#website"},"datePublished":"2016-05-17T14:07:55+00:00","dateModified":"2022-10-18T18:33:57+00:00","description":"Es ist uns wichtig, Sie ganzheitlich zu betrachten und die k\u00f6rperlichen als auch die seelischen Aspekte zu ber\u00fccksichtigen. TCM Praxis Esther Denz Z\u00fcrich.","breadcrumb":{"@id":"https:\/\/www.tcm-estherdenz.ch\/tcm-praxis-zuerich-angebot\/#breadcrumb"},"inLanguage":"en-US","potentialAction":[{"@type":"ReadAction","target":["https:\/\/www.tcm-estherdenz.ch\/tcm-praxis-zuerich-angebot\/"]}]},{"@type":"BreadcrumbList","@id":"https:\/\/www.tcm-estherdenz.ch\/tcm-praxis-zuerich-angebot\/#breadcrumb","itemListElement":[{"@type":"ListItem","position":1,"name":"Startseite","item":"https:\/\/www.tcm-estherdenz.ch\/"},{"@type":"ListItem","position":2,"name":"Unser Angebot"}]},{"@type":"WebSite","@id":"https:\/\/www.tcm-estherdenz.ch\/#website","url":"https:\/\/www.tcm-estherdenz.ch\/","name":"Lifecycles Medicine","description":"Practice for Traditional Chinese Medicine Zurich \u2013 043 817 68 38","potentialAction":[{"@type":"SearchAction","target":{"@type":"EntryPoint","urlTemplate":"https:\/\/www.tcm-estherdenz.ch\/?s={search_term_string}"},"query-input":"required name=search_term_string"}],"inLanguage":"en-US"}]}},"_links":{"self":[{"href":"https:\/\/www.tcm-estherdenz.ch\/en\/wp-json\/wp\/v2\/pages\/479"}],"collection":[{"href":"https:\/\/www.tcm-estherdenz.ch\/en\/wp-json\/wp\/v2\/pages"}],"about":[{"href":"https:\/\/www.tcm-estherdenz.ch\/en\/wp-json\/wp\/v2\/types\/page"}],"author":[{"embeddable":true,"href":"https:\/\/www.tcm-estherdenz.ch\/en\/wp-json\/wp\/v2\/users\/1"}],"replies":[{"embeddable":true,"href":"https:\/\/www.tcm-estherdenz.ch\/en\/wp-json\/wp\/v2\/comments?post=479"}],"version-history":[{"count":28,"href":"https:\/\/www.tcm-estherdenz.ch\/en\/wp-json\/wp\/v2\/pages\/479\/revisions"}],"predecessor-version":[{"id":1449,"href":"https:\/\/www.tcm-estherdenz.ch\/en\/wp-json\/wp\/v2\/pages\/479\/revisions\/1449"}],"wp:featuredmedia":[{"embeddable":true,"href":"https:\/\/www.tcm-estherdenz.ch\/en\/wp-json\/wp\/v2\/media\/769"}],"wp:attachment":[{"href":"https:\/\/www.tcm-estherdenz.ch\/en\/wp-json\/wp\/v2\/media?parent=479"}],"curies":[{"name":"wp","href":"https:\/\/api.w.org\/{rel}","templated":true}]}}