{"id":677,"date":"2016-05-20T16:27:28","date_gmt":"2016-05-20T14:27:28","guid":{"rendered":"http:\/\/www.tcm-estherdenz.ch\/?page_id=677"},"modified":"2017-01-20T01:48:35","modified_gmt":"2017-01-20T00:48:35","slug":"studien","status":"publish","type":"page","link":"https:\/\/www.tcm-estherdenz.ch\/en\/studien\/","title":{"rendered":"Studien"},"content":{"rendered":"<p><img decoding=\"async\" loading=\"lazy\" class=\"size-full wp-image-727 alignnone\" src=\"http:\/\/www.tcm-estherdenz.ch\/wp-content\/uploads\/2016\/05\/tcm-studien.jpg\" alt=\"tcm-studien artikel \u00fcber traditionelle chinesische medizin\" width=\"450\" height=\"300\" srcset=\"https:\/\/www.tcm-estherdenz.ch\/wp-content\/uploads\/2016\/05\/tcm-studien.jpg 450w, https:\/\/www.tcm-estherdenz.ch\/wp-content\/uploads\/2016\/05\/tcm-studien-300x200.jpg 300w\" sizes=\"(max-width: 450px) 100vw, 450px\" \/><\/p>\n<p>Langj\u00e4hrige Erfahrung bringt viel Wissen mit sich. Der Praxis- und Institutsleiterin von Lifecycles Medicine, Esther Denz, ist es eine Herzensangelegenheit, das Wissen der chinesischen Medizin f\u00fcr den Kinderwunsch und alle weiteren Lebenszyklen der Frau in Europa nachhaltig zu sichern und der breiten \u00d6ffentlichkeit zug\u00e4nglich zu machen. Deshalb investiert sie neben der Therapiet\u00e4tigkeit viel Zeit in der Entwicklung von Therapielehrg\u00e4ngen, dem Schreiben von Studien und Artikeln sowie der F\u00f6rderung von Pressebeitr\u00e4gen.<\/p>\n<p>Finden Sie hier die wichtigsten Studien zu einem gesunden Lebensstil.<\/p>\n<p>Zusammenfassung einer retrospekektiven Beobachtungsstudie: &#8220;Wie beeinflusst TCM die Resultate einer in vitro fertilization (IVF)?&#8221; (Autoren Dr. med. Michael H\u00e4berle und Esther Denz, MSc)<\/p>\n<p><a href=\"http:\/\/www.tcm-estherdenz.ch\/wp-content\/uploads\/2016\/05\/Haeberle-und-Denz-2006.pdf\">Haeberle und Denz 2006<\/a><\/p>\n<p><a href=\"http:\/\/www.tcm-estherdenz.ch\/wp-content\/uploads\/2016\/05\/Systematic-review_2017.pdf\">Systematic review 2017<\/a><\/p>\n<p><a href=\"http:\/\/www.tcm-estherdenz.ch\/wp-content\/uploads\/2016\/05\/A-preliminary-immunopharmacological-study-of-an-antiendometriotic-herbal-medicine-Keishi-bukuryo-gan.pdf\">A preliminary immunopharmacological study of an antiendometriotic herbal medicine Keishi-bukuryo-gan<\/a><\/p>\n<p><a href=\"http:\/\/www.tcm-estherdenz.ch\/wp-content\/uploads\/2016\/05\/Ovulation-Following-Combined-Therapy-With-Wen-Jing-Tang-and-Clomiphene-Citrate-Therapy-in-Anovulatory-Women-.pdf\">Ovulation Following Combined Therapy With Wen-Jing-Tang and Clomiphene Citrate Therapy in Anovulatory Women<\/a><\/p>\n<p><a href=\"http:\/\/www.tcm-estherdenz.ch\/wp-content\/uploads\/2016\/05\/Acupuncture-Impact-on-Pregnancy-Outcomes-in-IVF-Patients.pdf\">Acupuncture Impact on Pregnancy Outcomes in IVF Patients<\/a><\/p>\n<p><a href=\"http:\/\/www.tcm-estherdenz.ch\/wp-content\/uploads\/2016\/05\/Acupuncture-IVF-Poor-Responders-A-Cure.pdf\">Acupuncture &amp; IVF Poor Responders &#8211; A Cure<\/a><\/p>\n<p><a href=\"http:\/\/www.tcm-estherdenz.ch\/wp-content\/uploads\/2016\/05\/Acupuncture-and-Good-Prognosis-IVF-Patients-Synergy.pdf\">Acupuncture and Good Prognosis IVF Patients &#8211; Synergy<\/a><\/p>\n<p><a href=\"http:\/\/www.tcm-estherdenz.ch\/wp-content\/uploads\/2016\/05\/Possibilities-of-therapy-by-ear-acupuncture-in-female-sterility.pdf\">Possibilities of therapy by ear acupuncture in female sterility<\/a><\/p>\n<p><a href=\"http:\/\/www.tcm-estherdenz.ch\/wp-content\/uploads\/2016\/05\/Clinical-observation-on-effect-of-combination-of-zhuanyindan-and-hormone-in-treating-male-infertility-with-positive-antisperm-antibody.pdf\">Clinical observation on effect of combination of zhuanyindan and hormone in treating male infertility with positive antisperm antibody<\/a><\/p>\n<p><a href=\"http:\/\/www.tcm-estherdenz.ch\/wp-content\/uploads\/2016\/05\/Treatment-of-immunological-infertility-with-Chinese-medicinal-herbs-of-ziyin.pdf\">Treatment of immunological infertility with Chinese medicinal herbs of ziyin<\/a><\/p>\n<p><a href=\"http:\/\/www.tcm-estherdenz.ch\/wp-content\/uploads\/2016\/05\/Role-of-acupuncture-in-the-treatment-of-female-infertility.pdf\">Role of acupuncture in the treatment of female infertility<\/a><\/p>\n<p><a href=\"http:\/\/www.tcm-estherdenz.ch\/wp-content\/uploads\/2016\/05\/Influence-of-acupuncture-on-the-pregnancy-rate-in-patients-who-undergo-assisted.pdf\">Influence of acupuncture on the pregnancy rate in patients who undergo assisted<\/a><\/p>\n<p><a href=\"http:\/\/www.tcm-estherdenz.ch\/wp-content\/uploads\/2016\/05\/Clinical-studies-on-the-mechanism-for-acupuncture-stimulation-of-ovulation.pdf\">Clinical studies on the mechanism for acupuncture stimulation of ovulation<\/a><\/p>\n<p><a href=\"http:\/\/www.tcm-estherdenz.ch\/wp-content\/uploads\/2016\/05\/East-Meets-West-Acupuncture-and-Reproductive-Medicine.pdf\">East Meets West &#8211; Acupuncture and Reproductive Medicine<\/a><\/p>\n<p><a href=\"http:\/\/www.tcm-estherdenz.ch\/wp-content\/uploads\/2016\/05\/Acupuncture-in-IVF-Linked-to-Lower-Miscarriage-and-Ectopic-Rates.pdf\">Acupuncture in IVF Linked to Lower Miscarriage and Ectopic Rates<\/a><\/p>\n<p><a href=\"http:\/\/www.tcm-estherdenz.ch\/wp-content\/uploads\/2016\/05\/Improvement-of-IVF-Outcomes-by-Acupuncture-Are-egg-and-embryo-qualities-involved.pdf\">Improvement of IVF Outcomes by Acupuncture &#8211; Are egg and embryo qualities involved<\/a><\/p>\n<p><a href=\"http:\/\/www.tcm-estherdenz.ch\/wp-content\/uploads\/2016\/05\/Quantitative-evaluation-of-spermatozoa-ultrastructure-after-acupuncture-treatment-for-idiopathic-male-infertility.pdf\">Quantitative evaluation of spermatozoa ultrastructure after acupuncture treatment for idiopathic male infertility<\/a><\/p>\n<p><a href=\"http:\/\/www.tcm-estherdenz.ch\/wp-content\/uploads\/2016\/05\/TCM-treatment-of-luteal-phase-defect-an-analysis-of-60-cases.pdf\">TCM treatment of luteal phase defect &#8211; an analysis of 60 cases<\/a><\/p>\n<p><a href=\"http:\/\/www.tcm-estherdenz.ch\/wp-content\/uploads\/2016\/05\/Preliminary-report-of-the-treatment-of-luteal-phase-defect-by-replenishing-kidney-An-analysis-of-53-cases.pdf\">Preliminary report of the treatment of luteal phase defect by replenishing kidney &#8211; An analysis of 53 cases<\/a><\/p>\n<p><a href=\"http:\/\/www.tcm-estherdenz.ch\/wp-content\/uploads\/2016\/05\/Experimental-study-of-effect-on-tonifying-kidney-herbs-in-pituitary-ovary-adrenal-gland-of-androgen-sterilized-rats.pdf\">Experimental study of effect on tonifying kidney herbs in pituitary ovary adrenal gland of androgen sterilized rats<\/a><\/p>\n<p><a href=\"http:\/\/www.tcm-estherdenz.ch\/wp-content\/uploads\/2016\/05\/Relationship-Between-Blood-Radioimmunoreactive-Beta-Endorphin-and-Hand-Skin-Temperature-During-The-Electro-Acupuncture-Induction-of-Ovulation.pdf\">Relationship Between Blood Radioimmunoreactive Beta-Endorphin and Hand Skin Temperature During The Electro-Acupuncture Induction of Ovulation<\/a><\/p>\n<p><a href=\"http:\/\/www.tcm-estherdenz.ch\/wp-content\/uploads\/2016\/05\/Substitution-of-Acupuncture-for-HCG-in-Ovulation-Induction.pdf\">Substitution of Acupuncture for HCG in Ovulation Induction<\/a><\/p>\n<p><a href=\"http:\/\/www.tcm-estherdenz.ch\/wp-content\/uploads\/2016\/05\/Effects-of-Electro-Acupuncture-on-Nerve-Growth-Factor-and-Ovarian-Morphology-in-Rats-with-Experimentally-Induced-Polycystic-Ovaries.pdf\">Effects of Electro-Acupuncture on Nerve Growth Factor and Ovarian Morphology in Rats with Experimentally Induced Polycystic Ovaries<\/a><\/p>\n<p><a href=\"http:\/\/www.tcm-estherdenz.ch\/wp-content\/uploads\/2016\/05\/Acupuncture-Treatment-For-Infertile-Women-Undergoing-Intracytoplasmic-Sperm-injection.pdf\">Acupuncture Treatment For Infertile Women Undergoing Intracytoplasmic Sperm injection<\/a><\/p>\n<p><a href=\"http:\/\/www.tcm-estherdenz.ch\/wp-content\/uploads\/2016\/05\/Acupuncture-Normalizes-Dysfunction-of-Hypothalamic-Pituitary-Ovarian-Axis.pdf\">Acupuncture Normalizes Dysfunction of Hypothalamic-Pituitary-Ovarian Axis<\/a><\/p>\n<p><a href=\"http:\/\/www.tcm-estherdenz.ch\/wp-content\/uploads\/2016\/05\/Reduction-of-blood-flow-impedance-in-the-uterine-arteries-of-infertile-women-with-electro-acupuncture.pdf\">Reduction of blood flow impedance in the uterine arteries of infertile women with electro-acupuncture<\/a><\/p>\n<p>Die Homepage wird aktuell \u00fcberarbeitet. Weitere Studien werden demn\u00e4chst freigeschalten.<\/p>\n<p><strong>Weiter:\u00a0<\/strong><a href=\"http:\/\/www.tcm-estherdenz.ch\/studien-presse\/\"><strong>Patienteninformationen<\/strong><\/a><\/p>\n","protected":false},"excerpt":{"rendered":"<p>Langj\u00e4hrige Erfahrung bringt viel Wissen mit sich. Der Praxis- und Institutsleiterin von Lifecycles Medicine, Esther Denz, ist es eine Herzensangelegenheit, das Wissen der chinesischen Medizin<\/p>\n","protected":false},"author":1,"featured_media":727,"parent":0,"menu_order":0,"comment_status":"closed","ping_status":"closed","template":"","meta":[],"translation":{"provider":"WPGlobus","version":"2.10.10","language":"en","enabled_languages":["de","en"],"languages":{"de":{"title":true,"content":true,"excerpt":false},"en":{"title":false,"content":false,"excerpt":false}}},"yoast_head":"<!-- This site is optimized with the Yoast SEO plugin v20.1 - https:\/\/yoast.com\/wordpress\/plugins\/seo\/ -->\n<title>Studien - Lifecycles Medicine<\/title>\n<meta name=\"robots\" content=\"index, follow, max-snippet:-1, max-image-preview:large, max-video-preview:-1\" \/>\n<link rel=\"canonical\" href=\"https:\/\/www.tcm-estherdenz.ch\/studien\/\" \/>\n<meta property=\"og:locale\" content=\"en_US\" \/>\n<meta property=\"og:type\" content=\"article\" \/>\n<meta property=\"og:title\" content=\"Studien - Lifecycles Medicine\" \/>\n<meta property=\"og:url\" content=\"https:\/\/www.tcm-estherdenz.ch\/studien\/\" \/>\n<meta property=\"og:site_name\" content=\"Lifecycles Medicine\" \/>\n<meta property=\"article:modified_time\" content=\"2017-01-20T00:48:35+00:00\" \/>\n<meta property=\"og:image\" content=\"https:\/\/www.tcm-estherdenz.ch\/wp-content\/uploads\/2016\/05\/tcm-studien.jpg\" \/>\n\t<meta property=\"og:image:width\" content=\"450\" \/>\n\t<meta property=\"og:image:height\" content=\"300\" \/>\n\t<meta property=\"og:image:type\" content=\"image\/jpeg\" \/>\n<meta name=\"twitter:card\" content=\"summary_large_image\" \/>\n<meta name=\"twitter:label1\" content=\"Est. reading time\" \/>\n\t<meta name=\"twitter:data1\" content=\"2 minutes\" \/>\n<script type=\"application\/ld+json\" class=\"yoast-schema-graph\">{\"@context\":\"https:\/\/schema.org\",\"@graph\":[{\"@type\":\"WebPage\",\"@id\":\"https:\/\/www.tcm-estherdenz.ch\/studien\/\",\"url\":\"https:\/\/www.tcm-estherdenz.ch\/studien\/\",\"name\":\"Studien - Lifecycles Medicine\",\"isPartOf\":{\"@id\":\"https:\/\/www.tcm-estherdenz.ch\/#website\"},\"datePublished\":\"2016-05-20T14:27:28+00:00\",\"dateModified\":\"2017-01-20T00:48:35+00:00\",\"breadcrumb\":{\"@id\":\"https:\/\/www.tcm-estherdenz.ch\/studien\/#breadcrumb\"},\"inLanguage\":\"en-US\",\"potentialAction\":[{\"@type\":\"ReadAction\",\"target\":[\"https:\/\/www.tcm-estherdenz.ch\/studien\/\"]}]},{\"@type\":\"BreadcrumbList\",\"@id\":\"https:\/\/www.tcm-estherdenz.ch\/studien\/#breadcrumb\",\"itemListElement\":[{\"@type\":\"ListItem\",\"position\":1,\"name\":\"Startseite\",\"item\":\"https:\/\/www.tcm-estherdenz.ch\/\"},{\"@type\":\"ListItem\",\"position\":2,\"name\":\"Studien\"}]},{\"@type\":\"WebSite\",\"@id\":\"https:\/\/www.tcm-estherdenz.ch\/#website\",\"url\":\"https:\/\/www.tcm-estherdenz.ch\/\",\"name\":\"Lifecycles Medicine\",\"description\":\"Practice for Traditional Chinese Medicine Zurich \u2013 043 817 68 38\",\"potentialAction\":[{\"@type\":\"SearchAction\",\"target\":{\"@type\":\"EntryPoint\",\"urlTemplate\":\"https:\/\/www.tcm-estherdenz.ch\/?s={search_term_string}\"},\"query-input\":\"required name=search_term_string\"}],\"inLanguage\":\"en-US\"}]}<\/script>\n<!-- \/ Yoast SEO plugin. -->","yoast_head_json":{"title":"Studien - Lifecycles Medicine","robots":{"index":"index","follow":"follow","max-snippet":"max-snippet:-1","max-image-preview":"max-image-preview:large","max-video-preview":"max-video-preview:-1"},"canonical":"https:\/\/www.tcm-estherdenz.ch\/studien\/","og_locale":"en_US","og_type":"article","og_title":"Studien - Lifecycles Medicine","og_url":"https:\/\/www.tcm-estherdenz.ch\/studien\/","og_site_name":"Lifecycles Medicine","article_modified_time":"2017-01-20T00:48:35+00:00","og_image":[{"width":450,"height":300,"url":"https:\/\/www.tcm-estherdenz.ch\/wp-content\/uploads\/2016\/05\/tcm-studien.jpg","type":"image\/jpeg"}],"twitter_card":"summary_large_image","twitter_misc":{"Est. reading time":"2 minutes"},"schema":{"@context":"https:\/\/schema.org","@graph":[{"@type":"WebPage","@id":"https:\/\/www.tcm-estherdenz.ch\/studien\/","url":"https:\/\/www.tcm-estherdenz.ch\/studien\/","name":"Studien - Lifecycles Medicine","isPartOf":{"@id":"https:\/\/www.tcm-estherdenz.ch\/#website"},"datePublished":"2016-05-20T14:27:28+00:00","dateModified":"2017-01-20T00:48:35+00:00","breadcrumb":{"@id":"https:\/\/www.tcm-estherdenz.ch\/studien\/#breadcrumb"},"inLanguage":"en-US","potentialAction":[{"@type":"ReadAction","target":["https:\/\/www.tcm-estherdenz.ch\/studien\/"]}]},{"@type":"BreadcrumbList","@id":"https:\/\/www.tcm-estherdenz.ch\/studien\/#breadcrumb","itemListElement":[{"@type":"ListItem","position":1,"name":"Startseite","item":"https:\/\/www.tcm-estherdenz.ch\/"},{"@type":"ListItem","position":2,"name":"Studien"}]},{"@type":"WebSite","@id":"https:\/\/www.tcm-estherdenz.ch\/#website","url":"https:\/\/www.tcm-estherdenz.ch\/","name":"Lifecycles Medicine","description":"Practice for Traditional Chinese Medicine Zurich \u2013 043 817 68 38","potentialAction":[{"@type":"SearchAction","target":{"@type":"EntryPoint","urlTemplate":"https:\/\/www.tcm-estherdenz.ch\/?s={search_term_string}"},"query-input":"required name=search_term_string"}],"inLanguage":"en-US"}]}},"_links":{"self":[{"href":"https:\/\/www.tcm-estherdenz.ch\/en\/wp-json\/wp\/v2\/pages\/677"}],"collection":[{"href":"https:\/\/www.tcm-estherdenz.ch\/en\/wp-json\/wp\/v2\/pages"}],"about":[{"href":"https:\/\/www.tcm-estherdenz.ch\/en\/wp-json\/wp\/v2\/types\/page"}],"author":[{"embeddable":true,"href":"https:\/\/www.tcm-estherdenz.ch\/en\/wp-json\/wp\/v2\/users\/1"}],"replies":[{"embeddable":true,"href":"https:\/\/www.tcm-estherdenz.ch\/en\/wp-json\/wp\/v2\/comments?post=677"}],"version-history":[{"count":14,"href":"https:\/\/www.tcm-estherdenz.ch\/en\/wp-json\/wp\/v2\/pages\/677\/revisions"}],"predecessor-version":[{"id":1280,"href":"https:\/\/www.tcm-estherdenz.ch\/en\/wp-json\/wp\/v2\/pages\/677\/revisions\/1280"}],"wp:featuredmedia":[{"embeddable":true,"href":"https:\/\/www.tcm-estherdenz.ch\/en\/wp-json\/wp\/v2\/media\/727"}],"wp:attachment":[{"href":"https:\/\/www.tcm-estherdenz.ch\/en\/wp-json\/wp\/v2\/media?parent=677"}],"curies":[{"name":"wp","href":"https:\/\/api.w.org\/{rel}","templated":true}]}}